{"id":19247,"date":"2025-01-23T20:52:04","date_gmt":"2025-01-23T20:52:04","guid":{"rendered":"https:\/\/bcmauditadvisory.ch\/?page_id=19247"},"modified":"2025-02-11T08:50:05","modified_gmt":"2025-02-11T08:50:05","slug":"reviews-und-spezialpruefungen","status":"publish","type":"page","link":"https:\/\/bcmauditadvisory.ch\/en\/reviews-und-spezialpruefungen\/","title":{"rendered":"Reviews und spezialpruefungen"},"content":{"rendered":"<div class=\"wpb-content-wrapper\"><div  class=\"vc_row vc-row-wrapper services_main_row_single full_width_content vc_custom_1738842138821\" data-parallax_sense=\"30\"><div class=\"wpb_row row\" >\n\t<div class=\"six dfd_col-tabletop-6 dfd_col-laptop-6 dfd_col-mobile-12 dfd_col-tablet-12 services_col_1 columns vc-column-extra-class-69e3638b78505 vc_custom_1738842227551\" data-parallax_sense=\"30\">\n\t\t<div class=\"wpb_wrapper\">\n\t\t\t<div class=\"dfd-spacer-module\"  data-units=\"px\" data-wide_resolution=\"1280\" data-wide_size=\"60\" data-normal_resolution=\"1024\" data-normal_size=\"60\" data-tablet_resolution=\"800\" data-tablet_size=\"0\" data-mobile_resolution=\"480\" data-mobile_size=\"35\" style=\"height: 60px;\"><\/div><div class=\"dfd-heading-shortcode\"><div class=\"dfd-heading-module-wrap  text-left style_01 dfd-heading-69e3638b786fb dfd-disable-resposive-headings\" id=\"dfd-heading-69e3638b786fb\" ><div class=\"inline-block\"><div class=\"dfd-heading-module\"><h3 class=\"widget-title dfd-title\" style=\"letter-spacing: -3px; \">Reviews and Special Audits<\/h3><\/div><\/div><\/div><script type=\"text\/javascript\">\r\n\t\t\t\t\t\t\t\t\t(function($) {\r\n\t\t\t\t\t\t\t\t\t\t$(\"head\").append(\"<style>.dfd-heading-69e3638b786fb.dfd-heading-module-wrap .dfd-heading-module .dfd-heading-delimiter {margin-top:10px;margin-bottom:10px;}@media (max-width: 1279px) and (min-width: 1024px){.dfd-heading-69e3638b786fb .dfd-title{font-size: 40px !important;line-height: 40px !important;}}@media (max-width: 799px){.dfd-heading-69e3638b786fb .dfd-title{font-size: 32px !important;line-height: 32px !important;}}<\/style>\");\r\n\t\t\t\t\t\t\t\t\t})(jQuery);\r\n\t\t\t\t\t\t\t\t<\/script><\/div><div class=\"dfd-spacer-module\"  data-units=\"px\" data-wide_resolution=\"1280\" data-wide_size=\"25\" data-normal_resolution=\"1024\" data-normal_size=\"20\" data-tablet_resolution=\"800\" data-tablet_size=\"20\" data-mobile_resolution=\"480\" data-mobile_size=\"20\" style=\"height: 25px;\"><\/div>\n\t<div class=\"wpb_text_column wpb_content_element\" >\n\t\t<div class=\"wpb_wrapper\">\n\t\t\t<p class=\"has-text-align-left has-nv-text-dark-bg-color has-text-color has-link-color wp-elements-32acd0fae4cc6dc34bd89c087e0aff6c\">Do you need a review, plan a capital increase or decrease, a contribution-in-kind audit, or an early liquidation? We are happy to assist with our expertise at any time.<\/p>\n<p>Swiss corporate law includes numerous special audits in the context of capital and creditor protection, such as audits for incorporations with contributions in kind, audits for capital changes (capital increases, capital reductions), or audits under the merger law.<\/p>\n<p>Legal special audits primarily serve creditor protection. Accordingly, legal special audits focus mainly on structural and capital changes of legal entities.<\/p>\n<p>In the contractual relationship, i.e., outside of legal requirements, audits of control and risk management systems or compliance audits regarding organizational regulations are regularly required. Also conducted under contractual law are engagements for the preparation of financial information, budgets, and multi-year comparisons.<\/p>\n<p>Business audits and reviews outside of the financial statement audit are gaining increasing importance due to the growing information needs of various stakeholders and interest groups.<\/p>\n<p class=\"has-text-align-left has-nv-text-dark-bg-color has-text-color has-link-color wp-elements-32acd0fae4cc6dc34bd89c087e0aff6c\"><a href=\"https:\/\/bcmauditadvisory.ch\/en\/contact\/\">Feel free to contact us for further clarification<\/a><\/p>\n\n\t\t<\/div> \n\t<\/div> <div class=\"dfd-spacer-module\"  data-units=\"px\" data-wide_resolution=\"1280\" data-wide_size=\"60\" data-normal_resolution=\"1024\" data-normal_size=\"60\" data-tablet_resolution=\"800\" data-tablet_size=\"0\" data-mobile_resolution=\"480\" data-mobile_size=\"35\" style=\"height: 60px;\"><\/div>\n\t\t<\/div> <script type=\"text\/javascript\">(function($) {$(\"head\").append(\"<style>@media (max-width: 1279px) and (min-width: 1024px){.columns.vc-column-extra-class-69e3638b78505{padding-left: 0px !important;padding-right: 30px !important;}}@media (max-width: 1023px) and (min-width: 800px){.columns.vc-column-extra-class-69e3638b78505{padding-left: 40px !important;padding-right: 40px !important;}}@media (max-width: 799px){.columns.vc-column-extra-class-69e3638b78505{padding-left: 30px !important;padding-right: 30px !important;}}<\/style>\");})(jQuery);<\/script>\n\t<\/div> \n<\/div><\/div>\n<\/div>","protected":false},"excerpt":{"rendered":"Reviews und Spezialpr\u00fcfungen Sie ben\u00f6tigen eine pr\u00fcferische Durchsicht (Review), planen eine Kapitalerh\u00f6hung oder -herabsetzung, eine Sacheinlagepr\u00fcfung oder eine vorzeitige Liquidation? Gerne stehen wir mit unserem Knowhow jederzeit zur Verf\u00fcgung. Im","protected":false},"author":1,"featured_media":0,"parent":0,"menu_order":0,"comment_status":"closed","ping_status":"closed","template":"page-custom-with-header.php","meta":{"_acf_changed":false,"footnotes":""},"class_list":["post-19247","page","type-page","status-publish","hentry"],"acf":[],"_links":{"self":[{"href":"https:\/\/bcmauditadvisory.ch\/en\/wp-json\/wp\/v2\/pages\/19247","targetHints":{"allow":["GET"]}}],"collection":[{"href":"https:\/\/bcmauditadvisory.ch\/en\/wp-json\/wp\/v2\/pages"}],"about":[{"href":"https:\/\/bcmauditadvisory.ch\/en\/wp-json\/wp\/v2\/types\/page"}],"author":[{"embeddable":true,"href":"https:\/\/bcmauditadvisory.ch\/en\/wp-json\/wp\/v2\/users\/1"}],"replies":[{"embeddable":true,"href":"https:\/\/bcmauditadvisory.ch\/en\/wp-json\/wp\/v2\/comments?post=19247"}],"version-history":[{"count":11,"href":"https:\/\/bcmauditadvisory.ch\/en\/wp-json\/wp\/v2\/pages\/19247\/revisions"}],"predecessor-version":[{"id":19903,"href":"https:\/\/bcmauditadvisory.ch\/en\/wp-json\/wp\/v2\/pages\/19247\/revisions\/19903"}],"wp:attachment":[{"href":"https:\/\/bcmauditadvisory.ch\/en\/wp-json\/wp\/v2\/media?parent=19247"}],"curies":[{"name":"wp","href":"https:\/\/api.w.org\/{rel}","templated":true}]}}